{"id":6432,"date":"2026-02-22T15:12:37","date_gmt":"2026-02-22T14:12:37","guid":{"rendered":"https:\/\/ledomainedegenia.fr\/exclusive-hire"},"modified":"2026-03-21T14:49:55","modified_gmt":"2026-03-21T13:49:55","slug":"exclusive-hire","status":"publish","type":"page","link":"https:\/\/ledomainedegenia.fr\/en\/exclusive-hire","title":{"rendered":"Hire"},"content":{"rendered":"\t\t<div data-elementor-type=\"wp-page\" data-elementor-id=\"6432\" class=\"elementor elementor-6432 elementor-6012\" data-elementor-post-type=\"page\">\n\t\t\t\t<div class=\"elementor-element elementor-element-d02c524 e-flex e-con-boxed qodef-elementor-content-no e-con e-parent\" data-id=\"d02c524\" data-element_type=\"container\" data-e-type=\"container\">\n\t\t\t\t\t<div class=\"e-con-inner\">\n\t\t\t\t<div class=\"elementor-element elementor-element-771704e elementor-widget elementor-widget-slider_revolution\" data-id=\"771704e\" data-element_type=\"widget\" data-e-type=\"widget\" data-widget_type=\"slider_revolution.default\">\n\t\t\t\t\t\n\t\t<div class=\"wp-block-themepunch-revslider\">\n\t\t\t\t<p class=\"rs-p-wp-fix\"><\/p>\n\t\t\t\t<sr7-module data-alias=\"PRIVATISATION\" data-id=\"14\" id=\"SR7_14_1\" class=\"rs-ov-hidden\" data-version=\"6.7.38\">\n\t\t\t\t\t<sr7-adjuster><\/sr7-adjuster>\n\t\t\t\t\t<sr7-content>\n\t\t\t\t\t\t<sr7-slide id=\"SR7_14_1-55\" data-key=\"55\">\n\t\t\t\t\t\t\t<sr7-bg id=\"SR7_14_1-55-2\" class=\"sr7-layer\"><noscript><img decoding=\"async\" src=\"https:\/\/ledomainedegenia.fr\/wp-content\/uploads\/2026\/02\/DOMAINE_EGENIA_PLACE-VILLAGE_CARD2.jpg\" alt=\"La Place du Village, Espace privatisation du Domaine d&#039;\u00c9genia, h\u00e9bergement de luxe en Provence, Luberon\" title=\"DOMAINE_EGENIA_PLACE-VILLAGE_CARD2\"><\/noscript><\/sr7-bg>\n\t\t\t\t\t\t<\/sr7-slide>\n\t\t\t\t\t\t<sr7-slide id=\"SR7_14_1-60\" data-key=\"60\">\n\t\t\t\t\t\t\t<h2 id=\"SR7_14_1-60-0\" class=\"sr7-layer\">PRIVATISER<br \/>\nLE DOMAINE<\/h2>\n\t\t\t\t\t\t<\/sr7-slide>\n\t\t\t\t\t<\/sr7-content>\n\t\t\t\t\t<image_lists style=\"display:none\">\n\t\t\t\t\t\t<img data-src=\"\/\/ledomainedegenia.fr\/wp-content\/uploads\/2026\/02\/DOMAINE_EGENIA_PLACE-VILLAGE_CARD2.jpg\" data-libid=\"6185\" data-lib=\"medialibrary\" alt=\"La Place du Village, Espace privatisation du Domaine d&#039;\u00c9genia, h\u00e9bergement de luxe en Provence, Luberon\" title=\"DOMAINE_EGENIA_PLACE-VILLAGE_CARD2\" width=\"0\" height=\"0\" data-dbsrc=\"Ly9sZWRvbWFpbmVkZWdlbmlhLmZyL3dwLWNvbnRlbnQvdXBsb2Fkcy8yMDI2LzAyL0RPTUFJTkVfRUdFTklBX1BMQUNFLVZJTExBR0VfQ0FSRDIuanBn\"\/>\n\t\t\t\t\t<\/image_lists>\n\t\t\t\t<\/sr7-module>\n\t\t\t\t<script>\n\t\t\t\t\tSR7.PMH ??={}; SR7.PMH[\"SR7_14_1\"] = {cn:100,state:false,fn: function() { if (_tpt!==undefined && _tpt.prepareModuleHeight !== undefined) {  _tpt.prepareModuleHeight({id:\"SR7_14_1\",el:[1100,1100,768,960,720],type:'hero',shdw:'0',gh:[1100,1100,768,960,720],gw:[1920,1920,1024,778,480],vpt:['-100px&#039;,&#039;-100px&#039;,&#039;-100px&#039;,&#039;-100px&#039;,&#039;-100px'],size:{fullWidth:true, fullHeight:true},fho:'',mh:'0',onh:0,onw:0,bg:{color:'{\"orig\":\"transparent\",\"type\":\"solid\",\"string\":\"transparent\"}'}});   SR7.PMH[\"SR7_14_1\"].state=true;} else if(SR7.PMH[\"SR7_14_1\"].cn-->0)\tsetTimeout( SR7.PMH[\"SR7_14_1\"].fn,19);}};SR7.PMH[\"SR7_14_1\" ].fn();\n\t\t\t\t<\/script>\n<\/div>\n\n\t\t\t\t\t\t<\/div>\n\t\t\t\t\t<\/div>\n\t\t\t\t<\/div>\n\t\t<div class=\"elementor-element elementor-element-52e80e7 e-con-full e-flex qodef-elementor-content-no e-con e-child\" data-id=\"52e80e7\" data-element_type=\"container\" data-e-type=\"container\" data-settings=\"{&quot;background_background&quot;:&quot;classic&quot;}\">\n\t\t\t\t<div class=\"elementor-element elementor-element-795fe69 elementor-widget__width-inherit elementor-widget elementor-widget-heading\" data-id=\"795fe69\" data-element_type=\"widget\" data-e-type=\"widget\" data-widget_type=\"heading.default\">\n\t\t\t\t\t<h2 class=\"elementor-heading-title elementor-size-default\">your most precious moments<\/h2>\t\t\t\t<\/div>\n\t\t\t\t<div class=\"elementor-element elementor-element-e765e2d elementor-widget elementor-widget-text-editor\" data-id=\"e765e2d\" data-element_type=\"widget\" data-e-type=\"widget\" data-widget_type=\"text-editor.default\">\n\t\t\t\t\t\t\t\t\t<h3>Privatising the Domaine d\u2019Egenia means offering your guests a complete experience in an exceptional setting. For a day or a weekend, the Domaine d\u2019Egenia becomes yours.<\/h3>\t\t\t\t\t\t\t\t<\/div>\n\t\t\t\t<div class=\"elementor-element elementor-element-c15a3c4 elementor-widget elementor-widget-alloggio_core_button\" data-id=\"c15a3c4\" data-element_type=\"widget\" data-e-type=\"widget\" data-widget_type=\"alloggio_core_button.default\">\n\t\t\t\t<div class=\"elementor-widget-container\">\n\t\t\t\t\t<a class=\"qodef-shortcode qodef-m qodef-button qodef-layout--outlined qodef-html--link\" href=\"#contact-gene1\" target=\"_self\" data-hover-color=\"#000000\" data-hover-background-color=\"#CA958C\" style=\"color: #000000\">\n\t<span class=\"qodef-m-text\">CONTACT US<\/span>\n\t<span class=\"qodef-m-background-holder\" style=\"background-color: #CA958C\"><\/span>\n<\/a>\t\t\t\t<\/div>\n\t\t\t\t<\/div>\n\t\t\t\t<\/div>\n\t\t<div class=\"elementor-element elementor-element-62f749f e-con-full e-flex qodef-elementor-content-no e-con e-parent\" data-id=\"62f749f\" data-element_type=\"container\" data-e-type=\"container\">\n\t\t\t\t<div class=\"elementor-element elementor-element-9d5fb35 elementor-widget__width-auto animated-slow elementor-invisible elementor-widget elementor-widget-alloggio_core_info_card\" data-id=\"9d5fb35\" data-element_type=\"widget\" data-e-type=\"widget\" data-settings=\"{&quot;_animation&quot;:&quot;fadeIn&quot;,&quot;_animation_delay&quot;:200}\" data-widget_type=\"alloggio_core_info_card.default\">\n\t\t\t\t<div class=\"elementor-widget-container\">\n\t\t\t\t\t<div class=\"qodef-shortcode qodef-m qodef-info-card qodef-image--right qodef--has-parallax\">\n\t<div class=\"qodef-m-image\">\n\t<img fetchpriority=\"high\" decoding=\"async\" src=\"https:\/\/ledomainedegenia.fr\/wp-content\/uploads\/2026\/02\/DOMAINE_EGENIA_EVENEMENTS_ESPACE1-1080x1350.jpg\" alt=\"Espace privatisation, accueil d&#039;\u00e9v\u00e8nements du Domaine d&#039;\u00c9genia, h\u00e9bergement de luxe en Provence, Luberon\" width=\"1080\" height=\"1350\" data-ratio=\"0.8\" \/><\/div>\t<div class=\"qodef-m-content\" style=\"background-color: #FFFFFF00\">\n\t\t\t<h1 class=\"qodef-m-title\" >tailor-made<\/h1>\n\t\t\t<span class=\"qodef-m-subtitle\" >SPACES THAT ADAPT TO YOUR VISION<\/span>\n\t\t\t<p class=\"qodef-m-text\" >Six hectares of Proven\u00e7al gardens, elegant spaces open to nature, accommodation that becomes your home away from home: every area of the estate offers a unique atmosphere to create your bespoke private experience.<\/p>\n\t\t\t<div class=\"qodef-m-button\">\n\t\t<a class=\"qodef-shortcode qodef-m qodef-button qodef-layout--outlined qodef-html--link\" href=\"http:\/\/ledomainedegenia.fr\/estate#espaces\" target=\"_blank\" data-hover-color=\"#000000\" data-hover-background-color=\"#CA958C\" style=\"color: #000000\">\t<span class=\"qodef-m-text\">explore the spaces<\/span>\t<span class=\"qodef-m-background-holder\" style=\"background-color: #CA958C\"><\/span><\/a>\t<\/div>\n\t\t\t<\/div>\n<\/div>\t\t\t\t<\/div>\n\t\t\t\t<\/div>\n\t\t\t\t<\/div>\n\t\t<div class=\"elementor-element elementor-element-05bf3e3 e-con-full e-flex qodef-elementor-content-no e-con e-child\" data-id=\"05bf3e3\" data-element_type=\"container\" data-e-type=\"container\" data-settings=\"{&quot;background_background&quot;:&quot;classic&quot;,&quot;background_motion_fx_motion_fx_scrolling&quot;:&quot;yes&quot;,&quot;background_motion_fx_translateX_effect&quot;:&quot;yes&quot;,&quot;background_motion_fx_translateX_speed&quot;:{&quot;unit&quot;:&quot;px&quot;,&quot;size&quot;:2.7,&quot;sizes&quot;:[]},&quot;background_motion_fx_blur_effect&quot;:&quot;yes&quot;,&quot;background_motion_fx_blur_level&quot;:{&quot;unit&quot;:&quot;px&quot;,&quot;size&quot;:15,&quot;sizes&quot;:[]},&quot;background_motion_fx_translateX_affectedRange&quot;:{&quot;unit&quot;:&quot;%&quot;,&quot;size&quot;:&quot;&quot;,&quot;sizes&quot;:{&quot;start&quot;:0,&quot;end&quot;:100}},&quot;background_motion_fx_blur_direction&quot;:&quot;out-in&quot;,&quot;background_motion_fx_blur_range&quot;:{&quot;unit&quot;:&quot;%&quot;,&quot;size&quot;:&quot;&quot;,&quot;sizes&quot;:{&quot;start&quot;:20,&quot;end&quot;:80}},&quot;background_motion_fx_devices&quot;:[&quot;desktop&quot;,&quot;tablet&quot;,&quot;mobile&quot;]}\">\n\t\t\t\t<div class=\"elementor-element elementor-element-4d64cfb elementor-widget__width-inherit elementor-widget elementor-widget-heading\" data-id=\"4d64cfb\" data-element_type=\"widget\" data-e-type=\"widget\" data-widget_type=\"heading.default\">\n\t\t\t\t\t<h2 class=\"elementor-heading-title elementor-size-default\">our support<\/h2>\t\t\t\t<\/div>\n\t\t\t\t<div class=\"elementor-element elementor-element-4d2b516 elementor-widget elementor-widget-text-editor\" data-id=\"4d2b516\" data-element_type=\"widget\" data-e-type=\"widget\" data-widget_type=\"text-editor.default\">\n\t\t\t\t\t\t\t\t\t<h3>The Domaine d\u2019Egenia team supports you in organising your private event, from the first visit through to coordination on the day.<\/h3><h3>The estate\u2019s spaces can be adapted to different layouts depending on your exclusive-hire project. To find out about accommodation capacity, please contact us directly.<\/h3>\t\t\t\t\t\t\t\t<\/div>\n\t\t\t\t<div class=\"elementor-element elementor-element-7716cbc elementor-view-default elementor-widget elementor-widget-icon\" data-id=\"7716cbc\" data-element_type=\"widget\" data-e-type=\"widget\" data-widget_type=\"icon.default\">\n\t\t\t\t\t\t\t<div class=\"elementor-icon-wrapper\">\n\t\t\t<a class=\"elementor-icon\" href=\"#contact-gene1\">\n\t\t\t<svg aria-hidden=\"true\" class=\"e-font-icon-svg e-far-arrow-alt-circle-down\" viewBox=\"0 0 512 512\" xmlns=\"http:\/\/www.w3.org\/2000\/svg\"><path d=\"M256 8C119 8 8 119 8 256s111 248 248 248 248-111 248-248S393 8 256 8zm0 448c-110.5 0-200-89.5-200-200S145.5 56 256 56s200 89.5 200 200-89.5 200-200 200zm-32-316v116h-67c-10.7 0-16 12.9-8.5 20.5l99 99c4.7 4.7 12.3 4.7 17 0l99-99c7.6-7.6 2.2-20.5-8.5-20.5h-67V140c0-6.6-5.4-12-12-12h-40c-6.6 0-12 5.4-12 12z\"><\/path><\/svg>\t\t\t<\/a>\n\t\t<\/div>\n\t\t\t\t\t\t<\/div>\n\t\t\t\t<\/div>\n\t\t<div class=\"elementor-element elementor-element-c284cbf e-con-full e-flex qodef-elementor-content-no e-con e-parent\" data-id=\"c284cbf\" data-element_type=\"container\" data-e-type=\"container\" id=\"contact-gene1\">\n\t\t\t\t<div class=\"elementor-element elementor-element-fa73667 elementor-widget elementor-widget-shortcode\" data-id=\"fa73667\" data-element_type=\"widget\" data-e-type=\"widget\" data-widget_type=\"shortcode.default\">\n\t\t\t\t\t\t\t<div class=\"elementor-shortcode\">\n<div class=\"wpcf7 no-js\" id=\"wpcf7-f6515-o1\" lang=\"en-US\" dir=\"ltr\" data-wpcf7-id=\"6515\">\n<div class=\"screen-reader-response\"><p role=\"status\" aria-live=\"polite\" aria-atomic=\"true\"><\/p> <ul><\/ul><\/div>\n<form action=\"\/en\/wp-json\/wp\/v2\/pages\/6432#wpcf7-f6515-o1\" method=\"post\" class=\"wpcf7-form init\" aria-label=\"Contact form\" novalidate=\"novalidate\" data-status=\"init\">\n<fieldset class=\"hidden-fields-container\"><input type=\"hidden\" name=\"_wpcf7\" value=\"6515\" \/><input type=\"hidden\" name=\"_wpcf7_version\" value=\"6.1.5\" \/><input type=\"hidden\" name=\"_wpcf7_locale\" value=\"en_US\" \/><input type=\"hidden\" name=\"_wpcf7_unit_tag\" value=\"wpcf7-f6515-o1\" \/><input type=\"hidden\" name=\"_wpcf7_container_post\" value=\"0\" \/><input type=\"hidden\" name=\"_wpcf7_posted_data_hash\" value=\"\" \/>\n<\/fieldset>\n<label> Your name\n    <span class=\"wpcf7-form-control-wrap\" data-name=\"your-name\"><input size=\"40\" maxlength=\"400\" class=\"wpcf7-form-control wpcf7-text wpcf7-validates-as-required\" autocomplete=\"name\" aria-required=\"true\" aria-invalid=\"false\" value=\"\" type=\"text\" name=\"your-name\" \/><\/span> <\/label>\n\n<label> Your email\n    <span class=\"wpcf7-form-control-wrap\" data-name=\"your-email\"><input size=\"40\" maxlength=\"400\" class=\"wpcf7-form-control wpcf7-email wpcf7-validates-as-required wpcf7-text wpcf7-validates-as-email\" autocomplete=\"email\" aria-required=\"true\" aria-invalid=\"false\" value=\"\" type=\"email\" name=\"your-email\" \/><\/span> <\/label>\n\n<label> Subject\n    <span class=\"wpcf7-form-control-wrap\" data-name=\"your-subject\"><input size=\"40\" maxlength=\"400\" class=\"wpcf7-form-control wpcf7-text wpcf7-validates-as-required\" aria-required=\"true\" aria-invalid=\"false\" value=\"\" type=\"text\" name=\"your-subject\" \/><\/span> <\/label>\n\n<label> Your message (optional)\n    <span class=\"wpcf7-form-control-wrap\" data-name=\"your-message\"><textarea cols=\"40\" rows=\"10\" maxlength=\"2000\" class=\"wpcf7-form-control wpcf7-textarea\" aria-invalid=\"false\" name=\"your-message\"><\/textarea><\/span> <\/label>\n\n<button class=\"wpcf7-form-control wpcf7-submit qodef-button qodef-size--normal qodef-type--outlined qodef-m\" type=\"submit\"><span class=\"qodef-m-text\">Send<\/span><\/button><p style=\"display: none !important;\" class=\"akismet-fields-container\" data-prefix=\"_wpcf7_ak_\"><label>&#916;<textarea name=\"_wpcf7_ak_hp_textarea\" cols=\"45\" rows=\"8\" maxlength=\"100\"><\/textarea><\/label><input type=\"hidden\" id=\"ak_js_1\" name=\"_wpcf7_ak_js\" value=\"213\"\/><script>document.getElementById( \"ak_js_1\" ).setAttribute( \"value\", ( new Date() ).getTime() );<\/script><\/p><div class=\"wpcf7-response-output\" aria-hidden=\"true\"><\/div>\n<\/form>\n<\/div>\n<\/div>\n\t\t\t\t\t\t<\/div>\n\t\t\t\t<\/div>\n\t\t\t\t<\/div>\n\t\t","protected":false},"excerpt":{"rendered":"<p>your most precious moments Privatising the Domaine d\u2019Egenia means offering your guests a complete experience in an exceptional setting. For a day or a weekend, the Domaine d\u2019Egenia becomes yours. CONTACT US tailor-made SPACES THAT ADAPT TO YOUR VISION Six hectares of Proven\u00e7al gardens, elegant spaces open to nature, accommodation that becomes your home away [&hellip;]<\/p>\n","protected":false},"author":1,"featured_media":6435,"parent":0,"menu_order":0,"comment_status":"closed","ping_status":"closed","template":"page-full-width.php","meta":{"footnotes":""},"class_list":["post-6432","page","type-page","status-publish","has-post-thumbnail","hentry"],"_links":{"self":[{"href":"https:\/\/ledomainedegenia.fr\/en\/wp-json\/wp\/v2\/pages\/6432","targetHints":{"allow":["GET"]}}],"collection":[{"href":"https:\/\/ledomainedegenia.fr\/en\/wp-json\/wp\/v2\/pages"}],"about":[{"href":"https:\/\/ledomainedegenia.fr\/en\/wp-json\/wp\/v2\/types\/page"}],"author":[{"embeddable":true,"href":"https:\/\/ledomainedegenia.fr\/en\/wp-json\/wp\/v2\/users\/1"}],"replies":[{"embeddable":true,"href":"https:\/\/ledomainedegenia.fr\/en\/wp-json\/wp\/v2\/comments?post=6432"}],"version-history":[{"count":7,"href":"https:\/\/ledomainedegenia.fr\/en\/wp-json\/wp\/v2\/pages\/6432\/revisions"}],"predecessor-version":[{"id":6517,"href":"https:\/\/ledomainedegenia.fr\/en\/wp-json\/wp\/v2\/pages\/6432\/revisions\/6517"}],"wp:featuredmedia":[{"embeddable":true,"href":"https:\/\/ledomainedegenia.fr\/en\/wp-json\/wp\/v2\/media\/6435"}],"wp:attachment":[{"href":"https:\/\/ledomainedegenia.fr\/en\/wp-json\/wp\/v2\/media?parent=6432"}],"curies":[{"name":"wp","href":"https:\/\/api.w.org\/{rel}","templated":true}]}}