{"id":6362,"date":"2026-02-15T15:49:26","date_gmt":"2026-02-15T14:49:26","guid":{"rendered":"https:\/\/ledomainedegenia.fr\/rosier-apartment"},"modified":"2026-03-13T12:01:35","modified_gmt":"2026-03-13T11:01:35","slug":"rosier-apartment","status":"publish","type":"page","link":"https:\/\/ledomainedegenia.fr\/en\/accommodations\/rosier-apartment","title":{"rendered":"Rosier Apartment"},"content":{"rendered":"\t\t<div data-elementor-type=\"wp-page\" data-elementor-id=\"6362\" class=\"elementor elementor-6362 elementor-5434\" data-elementor-post-type=\"page\">\n\t\t\t\t<div class=\"elementor-element elementor-element-6f6fc98 e-flex e-con-boxed qodef-elementor-content-no e-con e-parent\" data-id=\"6f6fc98\" data-element_type=\"container\" data-e-type=\"container\">\n\t\t\t\t\t<div class=\"e-con-inner\">\n\t\t<div class=\"elementor-element elementor-element-1c79dfc e-con-full e-flex qodef-elementor-content-no e-con e-child\" data-id=\"1c79dfc\" data-element_type=\"container\" data-e-type=\"container\">\n\t\t\t\t<div class=\"elementor-element elementor-element-9db7843 elementor-widget elementor-widget-slider_revolution\" data-id=\"9db7843\" data-element_type=\"widget\" data-e-type=\"widget\" data-widget_type=\"slider_revolution.default\">\n\t\t\t\t\t\n\t\t<div class=\"wp-block-themepunch-revslider\">\n\t\t\t\t<p class=\"rs-p-wp-fix\"><\/p>\n\t\t\t\t<sr7-module data-alias=\"appartement-rosier\" data-id=\"6\" id=\"SR7_6_1\" class=\"rs-ov-hidden\" data-version=\"6.7.38\">\n\t\t\t\t\t<sr7-adjuster><\/sr7-adjuster>\n\t\t\t\t\t<sr7-content>\n\t\t\t\t\t\t<sr7-slide id=\"SR7_6_1-15\" data-key=\"15\">\n\t\t\t\t\t\t\t<sr7-bg id=\"SR7_6_1-15-1\" class=\"sr7-layer\"><noscript><img decoding=\"async\" src=\"https:\/\/ledomainedegenia.fr\/wp-content\/uploads\/2026\/02\/DOMAINE_EGENIA_HEBERGEMENT-ROSIER2.jpg\" alt=\"Appartement Rosier, h\u00e9bergement de luxe en location au Domaine d&#039;\u00c9genia, h\u00e9bergement de luxe en Provence, Luberon\" title=\"DOMAINE_EGENIA_HEBERGEMENT-ROSIER2\"><\/noscript><\/sr7-bg>\n\t\t\t\t\t\t<\/sr7-slide>\n\t\t\t\t\t\t<sr7-slide id=\"SR7_6_1-16\" data-key=\"16\">\n\t\t\t\t\t\t\t<sr7-bg id=\"SR7_6_1-16-1\" class=\"sr7-layer\"><noscript><img decoding=\"async\" src=\"https:\/\/ledomainedegenia.fr\/wp-content\/uploads\/2026\/02\/DOMAINE_EGENIA_HEBERGEMENT-ROSIER5.jpg\" alt=\"Appartement Rosier, h\u00e9bergement de luxe en location au Domaine d&#039;\u00c9genia, h\u00e9bergement de luxe en Provence, Luberon\" title=\"DOMAINE_EGENIA_HEBERGEMENT-ROSIER5\"><\/noscript><\/sr7-bg>\n\t\t\t\t\t\t<\/sr7-slide>\n\t\t\t\t\t\t<sr7-slide id=\"SR7_6_1-17\" data-key=\"17\">\n\t\t\t\t\t\t\t<sr7-bg id=\"SR7_6_1-17-1\" class=\"sr7-layer\"><noscript><img decoding=\"async\" src=\"https:\/\/ledomainedegenia.fr\/wp-content\/uploads\/2026\/02\/DOMAINE_EGENIA_HEBERGEMENT-ROSIER1.jpg\" alt=\"Appartement Rosier, h\u00e9bergement de luxe en location au Domaine d&#039;\u00c9genia, h\u00e9bergement de luxe en Provence, Luberon\" title=\"DOMAINE_EGENIA_HEBERGEMENT-ROSIER1\"><\/noscript><\/sr7-bg>\n\t\t\t\t\t\t<\/sr7-slide>\n\t\t\t\t\t\t<sr7-slide id=\"SR7_6_1-39\" data-key=\"39\">\n\t\t\t\t\t\t\t<sr7-bg id=\"SR7_6_1-39-1\" class=\"sr7-layer\"><noscript><img decoding=\"async\" src=\"https:\/\/ledomainedegenia.fr\/wp-content\/uploads\/2026\/02\/DOMAINE_EGENIA_HEBERGEMENT-ROSIER3.jpg\" alt=\"Appartement Rosier, h\u00e9bergement de luxe en location au Domaine d&#039;\u00c9genia, h\u00e9bergement de luxe en Provence, Luberon\" title=\"DOMAINE_EGENIA_HEBERGEMENT-ROSIER3\"><\/noscript><\/sr7-bg>\n\t\t\t\t\t\t<\/sr7-slide>\n\t\t\t\t\t\t<sr7-slide id=\"SR7_6_1-32\" data-key=\"32\">\n\t\t\t\t\t\t\t<h2 id=\"SR7_6_1-32-0\" class=\"sr7-layer\">APPARTEMENT<br \/>\nLE ROSIER<\/h2>\n\t\t\t\t\t\t\t<sr7-txt id=\"SR7_6_1-32-2\" class=\"sr7-layer\" srscsrc><a class=\"qodef-shortcode qodef-m qodef-button qodef-layout--filled qodef-html--link\" href=\"https:\/\/booking.smoobu.com\/9A773951\" target=\"_self\"  >\n\t<span class=\"qodef-m-text\">Reservation<\/span>\n\t<span class=\"qodef-m-background-holder\" ><\/span>\n<\/a><\/sr7-txt>\n\t\t\t\t\t\t<\/sr7-slide>\n\t\t\t\t\t<\/sr7-content>\n\t\t\t\t\t<image_lists style=\"display:none\">\n\t\t\t\t\t\t<img data-src=\"\/\/ledomainedegenia.fr\/wp-content\/uploads\/2026\/02\/DOMAINE_EGENIA_HEBERGEMENT-ROSIER2.jpg\" data-libid=\"5385\" data-lib=\"medialibrary\" alt=\"Appartement Rosier, h\u00e9bergement de luxe en location au Domaine d&#039;\u00c9genia, h\u00e9bergement de luxe en Provence, Luberon\" title=\"DOMAINE_EGENIA_HEBERGEMENT-ROSIER2\" width=\"0\" height=\"0\" data-dbsrc=\"Ly9sZWRvbWFpbmVkZWdlbmlhLmZyL3dwLWNvbnRlbnQvdXBsb2Fkcy8yMDI2LzAyL0RPTUFJTkVfRUdFTklBX0hFQkVSR0VNRU5ULVJPU0lFUjIuanBn\"\/>\n\t\t\t\t\t\t<img data-src=\"\/\/ledomainedegenia.fr\/wp-content\/uploads\/2026\/02\/DOMAINE_EGENIA_HEBERGEMENT-ROSIER5.jpg\" data-libid=\"5389\" data-lib=\"medialibrary\" alt=\"Appartement Rosier, h\u00e9bergement de luxe en location au Domaine d&#039;\u00c9genia, h\u00e9bergement de luxe en Provence, Luberon\" title=\"DOMAINE_EGENIA_HEBERGEMENT-ROSIER5\" width=\"0\" height=\"0\" data-dbsrc=\"Ly9sZWRvbWFpbmVkZWdlbmlhLmZyL3dwLWNvbnRlbnQvdXBsb2Fkcy8yMDI2LzAyL0RPTUFJTkVfRUdFTklBX0hFQkVSR0VNRU5ULVJPU0lFUjUuanBn\"\/>\n\t\t\t\t\t\t<img data-src=\"\/\/ledomainedegenia.fr\/wp-content\/uploads\/2026\/02\/DOMAINE_EGENIA_HEBERGEMENT-ROSIER1.jpg\" data-libid=\"5386\" data-lib=\"medialibrary\" alt=\"Appartement Rosier, h\u00e9bergement de luxe en location au Domaine d&#039;\u00c9genia, h\u00e9bergement de luxe en Provence, Luberon\" title=\"DOMAINE_EGENIA_HEBERGEMENT-ROSIER1\" width=\"0\" height=\"0\" data-dbsrc=\"Ly9sZWRvbWFpbmVkZWdlbmlhLmZyL3dwLWNvbnRlbnQvdXBsb2Fkcy8yMDI2LzAyL0RPTUFJTkVfRUdFTklBX0hFQkVSR0VNRU5ULVJPU0lFUjEuanBn\"\/>\n\t\t\t\t\t\t<img loading=\"lazy\" data-src=\"\/\/ledomainedegenia.fr\/wp-content\/uploads\/2026\/02\/DOMAINE_EGENIA_HEBERGEMENT-ROSIER3.jpg\" data-libid=\"5387\" data-lib=\"medialibrary\" alt=\"Appartement Rosier, h\u00e9bergement de luxe en location au Domaine d&#039;\u00c9genia, h\u00e9bergement de luxe en Provence, Luberon\" title=\"DOMAINE_EGENIA_HEBERGEMENT-ROSIER3\" width=\"0\" height=\"0\" data-dbsrc=\"Ly9sZWRvbWFpbmVkZWdlbmlhLmZyL3dwLWNvbnRlbnQvdXBsb2Fkcy8yMDI2LzAyL0RPTUFJTkVfRUdFTklBX0hFQkVSR0VNRU5ULVJPU0lFUjMuanBn\"\/>\n\t\t\t\t\t<\/image_lists>\n\t\t\t\t<\/sr7-module>\n\t\t\t\t<script>\n\t\t\t\t\tSR7.PMH ??={}; SR7.PMH[\"SR7_6_1\"] = {cn:100,state:false,fn: function() { if (_tpt!==undefined && _tpt.prepareModuleHeight !== undefined) {  _tpt.prepareModuleHeight({id:\"SR7_6_1\",el:[1100,1100,768,960,720],type:'standard',shdw:'0',gh:[1100,1100,768,960,720],gw:[1920,1920,1024,778,480],vpt:['-100px&#039;,&#039;-100px&#039;,&#039;-100px&#039;,&#039;-100px&#039;,&#039;-100px'],size:{fullWidth:true, fullHeight:true},fho:'',mh:'0',onh:0,onw:0,bg:{color:'{\"orig\":\"transparent\",\"type\":\"solid\",\"string\":\"transparent\"}'}});   SR7.PMH[\"SR7_6_1\"].state=true;} else if(SR7.PMH[\"SR7_6_1\"].cn-->0)\tsetTimeout( SR7.PMH[\"SR7_6_1\"].fn,19);}};SR7.PMH[\"SR7_6_1\" ].fn();\n\t\t\t\t<\/script>\n<\/div>\n\n\t\t\t\t\t\t<\/div>\n\t\t\t\t<\/div>\n\t\t<div class=\"elementor-element elementor-element-3e8058d e-con-full e-flex qodef-elementor-content-no e-con e-child\" data-id=\"3e8058d\" data-element_type=\"container\" data-e-type=\"container\">\n\t\t\t\t<div class=\"elementor-element elementor-element-3341106 elementor-widget elementor-widget-spacer\" data-id=\"3341106\" data-element_type=\"widget\" data-e-type=\"widget\" data-widget_type=\"spacer.default\">\n\t\t\t\t\t\t\t<div class=\"elementor-spacer\">\n\t\t\t<div class=\"elementor-spacer-inner\"><\/div>\n\t\t<\/div>\n\t\t\t\t\t\t<\/div>\n\t\t\t\t<\/div>\n\t\t<div class=\"elementor-element elementor-element-bf8e532 e-con-full e-flex qodef-elementor-content-no e-con e-child\" data-id=\"bf8e532\" data-element_type=\"container\" data-e-type=\"container\">\n\t\t\t\t<div class=\"elementor-element elementor-element-41a781b elementor-widget elementor-widget-heading\" data-id=\"41a781b\" data-element_type=\"widget\" data-e-type=\"widget\" data-widget_type=\"heading.default\">\n\t\t\t\t\t<h3 class=\"elementor-heading-title elementor-size-default\">1-3 GUESTS \n\u2022 65 m\u00b2 \u2022\nPRIVATE GARDEN<\/h3>\t\t\t\t<\/div>\n\t\t<div class=\"elementor-element elementor-element-71553f4 e-con-full e-flex qodef-elementor-content-no e-con e-child\" data-id=\"71553f4\" data-element_type=\"container\" data-e-type=\"container\">\n\t\t\t\t<div class=\"elementor-element elementor-element-80ad2c9 elementor-widget elementor-widget-spacer\" data-id=\"80ad2c9\" data-element_type=\"widget\" data-e-type=\"widget\" data-widget_type=\"spacer.default\">\n\t\t\t\t\t\t\t<div class=\"elementor-spacer\">\n\t\t\t<div class=\"elementor-spacer-inner\"><\/div>\n\t\t<\/div>\n\t\t\t\t\t\t<\/div>\n\t\t\t\t<\/div>\n\t\t\t\t<\/div>\n\t\t<div class=\"elementor-element elementor-element-1b73579 e-con-full e-flex qodef-elementor-content-no e-con e-child\" data-id=\"1b73579\" data-element_type=\"container\" data-e-type=\"container\">\n\t\t\t\t<div class=\"elementor-element elementor-element-2a083fb elementor-widget elementor-widget-heading\" data-id=\"2a083fb\" data-element_type=\"widget\" data-e-type=\"widget\" data-widget_type=\"heading.default\">\n\t\t\t\t\t<h2 class=\"elementor-heading-title elementor-size-default\">Le Rosier<\/h2>\t\t\t\t<\/div>\n\t\t\t\t<div class=\"elementor-element elementor-element-738445a elementor-widget elementor-widget-spacer\" data-id=\"738445a\" data-element_type=\"widget\" data-e-type=\"widget\" data-widget_type=\"spacer.default\">\n\t\t\t\t\t\t\t<div class=\"elementor-spacer\">\n\t\t\t<div class=\"elementor-spacer-inner\"><\/div>\n\t\t<\/div>\n\t\t\t\t\t\t<\/div>\n\t\t\t\t<div class=\"elementor-element elementor-element-fb95910 elementor-drop-cap-yes elementor-drop-cap-view-default elementor-widget elementor-widget-text-editor\" data-id=\"fb95910\" data-element_type=\"widget\" data-e-type=\"widget\" data-settings=\"{&quot;drop_cap&quot;:&quot;yes&quot;}\" data-widget_type=\"text-editor.default\">\n\t\t\t\t\t\t\t\t\t<p>The Rosier Apartment spans 65 m\u00b2 over two levels, an ideal retreat for a couple or a small family seeking Proven\u00e7al intimacy.<\/p><p>On the ground floor, the living spaces open up naturally: a fully equipped kitchen, dining area, and a light-filled living room.<\/p><p>Prepare your morning market finds, share meals overlooking the garden, and let the gentle spirit of the South infuse your daily life.<\/p><p>The mezzanine awaits upstairs, a haven of tranquility with a sweeping view of nature.<\/p><p>Your private west-facing garden is bathed in golden light at the end of the day\u2014the perfect spot for an aperitif at sunset.<\/p>\t\t\t\t\t\t\t\t<\/div>\n\t\t\t\t<div class=\"elementor-element elementor-element-3ec4a45 elementor-widget elementor-widget-spacer\" data-id=\"3ec4a45\" data-element_type=\"widget\" data-e-type=\"widget\" data-widget_type=\"spacer.default\">\n\t\t\t\t\t\t\t<div class=\"elementor-spacer\">\n\t\t\t<div class=\"elementor-spacer-inner\"><\/div>\n\t\t<\/div>\n\t\t\t\t\t\t<\/div>\n\t\t\t\t<div class=\"elementor-element elementor-element-b8c53bc elementor-widget elementor-widget-heading\" data-id=\"b8c53bc\" data-element_type=\"widget\" data-e-type=\"widget\" data-widget_type=\"heading.default\">\n\t\t\t\t\t<h3 class=\"elementor-heading-title elementor-size-default\">AN ELEGANT AND FUNCTIONAL DUPLEX<\/h3>\t\t\t\t<\/div>\n\t\t\t\t<div class=\"elementor-element elementor-element-a124f05 elementor-widget elementor-widget-spacer\" data-id=\"a124f05\" data-element_type=\"widget\" data-e-type=\"widget\" data-widget_type=\"spacer.default\">\n\t\t\t\t\t\t\t<div class=\"elementor-spacer\">\n\t\t\t<div class=\"elementor-spacer-inner\"><\/div>\n\t\t<\/div>\n\t\t\t\t\t\t<\/div>\n\t\t\t\t<div class=\"elementor-element elementor-element-89b9c3a elementor-widget elementor-widget-text-editor\" data-id=\"89b9c3a\" data-element_type=\"widget\" data-e-type=\"widget\" data-widget_type=\"text-editor.default\">\n\t\t\t\t\t\t\t\t\t<p><span style=\"color: #000000;\"><strong>LIVING SPACES<\/strong><\/span><\/p><ul><li><span style=\"color: #000000;\">Living room with sofa bed (sleeps 2)<\/span><\/li><li><span style=\"color: #000000;\">Fully equipped kitchen open to the living area, Dining area<\/span><\/li><li><span style=\"color: #000000;\">Intimate mezzanine upstairs<\/span><\/li><\/ul><p><span style=\"color: #000000;\"><strong>THE BEDROOM<\/strong><\/span><\/p><ul><li><span style=\"color: #000000;\">Mezzanine with King Size bed (180&#215;200)<\/span><\/li><li><span style=\"color: #000000;\">Overlooking the gardens<\/span><\/li><li><span style=\"color: #000000;\">Premium quality bedding<\/span><\/li><\/ul><p><span style=\"color: #000000;\"><strong>SHOWER ROOMS<\/strong><\/span><\/p><ul><li><span style=\"color: #000000;\">2 shower rooms (one on each level)<\/span><\/li><\/ul><p><span style=\"color: #000000;\"><strong>OUTDOOR SPACES<\/strong><\/span><\/p><ul><li><span style=\"color: #000000;\">Private west-facing garden<\/span><\/li><li><span style=\"color: #000000;\">Golden light at the end of the day<\/span><\/li><li><span style=\"color: #000000;\">Direct access to the estate&#8217;s gardens<\/span><\/li><\/ul>\t\t\t\t\t\t\t\t<\/div>\n\t\t<div class=\"elementor-element elementor-element-01a7369 e-con-full e-flex qodef-elementor-content-no e-con e-child\" data-id=\"01a7369\" data-element_type=\"container\" data-e-type=\"container\">\n\t\t\t\t<div class=\"elementor-element elementor-element-0c0c916 animated-slow elementor-widget__width-inherit elementor-invisible elementor-widget elementor-widget-alloggio_core_centered_slider\" data-id=\"0c0c916\" data-element_type=\"widget\" data-e-type=\"widget\" data-settings=\"{&quot;_animation&quot;:&quot;fadeIn&quot;,&quot;_animation_delay&quot;:300}\" data-widget_type=\"alloggio_core_centered_slider.default\">\n\t\t\t\t<div class=\"elementor-widget-container\">\n\t\t\t\t\t<div class=\"qodef-shortcode qodef-m qodef-centered-slider qodef-swiper-container qodef---has-hover\" data-options=\"{&quot;slidesPerView&quot;:&quot;auto&quot;,&quot;slidesPerView1440&quot;:&quot;auto&quot;,&quot;slidesPerView1366&quot;:&quot;auto&quot;,&quot;slidesPerView1024&quot;:&quot;auto&quot;,&quot;slidesPerView768&quot;:&quot;1&quot;,&quot;centeredSlides&quot;:&quot;true&quot;}\">\n\t<div class=\"swiper-wrapper\">\n\t\t\t\t\t<div class=\"qodef-m-item swiper-slide\">\n\t\t\t\t\t\t\t\t\t<div class=\"qodef-m-image-holder\"><div class=\"qodef-m-image\">\n\t\t\t\t\t\t<img decoding=\"async\" src=\"https:\/\/ledomainedegenia.fr\/wp-content\/uploads\/2026\/02\/DOMAINE_EGENIA_ROSIER_CARROUSEL9.jpg\" alt=\"Appartement Rosier, h\u00e9bergement de luxe en location au Domaine d&#039;\u00c9genia, h\u00e9bergement de luxe en Provence, Luberon\"\/>\n\t\t\t\t\t<\/div><\/div>\n\t\t\t\t\t\t\t\t\t\t\t\t\t\t\t<\/div>\n\t\t\t\t\t<div class=\"qodef-m-item swiper-slide\">\n\t\t\t\t\t\t\t\t\t<a href=\"http:\/\/ledomainedegenia.fr\" target=\"_self\">\n\t\t\t\t\t\t\t\t\t<div class=\"qodef-m-image-holder\"><div class=\"qodef-m-image\">\n\t\t\t\t\t\t<img decoding=\"async\" src=\"https:\/\/ledomainedegenia.fr\/wp-content\/uploads\/2026\/02\/DOMAINE_EGENIA_ROSIER_CARROUSEL2.jpg\" alt=\"Appartement Rosier, h\u00e9bergement de luxe en location au Domaine d&#039;\u00c9genia, h\u00e9bergement de luxe en Provence, Luberon\"\/>\n\t\t\t\t\t<\/div><\/div>\n\t\t\t\t\t\t\t\t\t<\/a>\n\t\t\t\t\t\t\t\t\t\t\t\t\t\t\t<\/div>\n\t\t\t\t\t<div class=\"qodef-m-item swiper-slide\">\n\t\t\t\t\t\t\t\t\t<a href=\"http:\/\/ledomainedegenia.fr\" target=\"_self\">\n\t\t\t\t\t\t\t\t\t<div class=\"qodef-m-image-holder\"><div class=\"qodef-m-image\">\n\t\t\t\t\t\t<img decoding=\"async\" src=\"https:\/\/ledomainedegenia.fr\/wp-content\/uploads\/2026\/02\/DOMAINE_EGENIA_ROSIER_CARROUSEL6.jpg\" alt=\"Appartement Rosier, h\u00e9bergement de luxe en location au Domaine d&#039;\u00c9genia, h\u00e9bergement de luxe en Provence, Luberon\"\/>\n\t\t\t\t\t<\/div><\/div>\n\t\t\t\t\t\t\t\t\t<\/a>\n\t\t\t\t\t\t\t\t\t\t\t\t\t\t\t<\/div>\n\t\t\t\t\t<div class=\"qodef-m-item swiper-slide\">\n\t\t\t\t\t\t\t\t\t<div class=\"qodef-m-image-holder\"><div class=\"qodef-m-image\">\n\t\t\t\t\t\t<img decoding=\"async\" src=\"https:\/\/ledomainedegenia.fr\/wp-content\/uploads\/2026\/02\/DOMAINE_EGENIA_ROSIER_CARROUSEL8.jpg\" alt=\"Appartement Rosier, h\u00e9bergement de luxe en location au Domaine d&#039;\u00c9genia, h\u00e9bergement de luxe en Provence, Luberon\"\/>\n\t\t\t\t\t<\/div><\/div>\n\t\t\t\t\t\t\t\t\t\t\t\t\t\t\t<\/div>\n\t\t\t\t\t<div class=\"qodef-m-item swiper-slide\">\n\t\t\t\t\t\t\t\t\t<div class=\"qodef-m-image-holder\"><div class=\"qodef-m-image\">\n\t\t\t\t\t\t<img decoding=\"async\" src=\"https:\/\/ledomainedegenia.fr\/wp-content\/uploads\/2026\/02\/DOMAINE_EGENIA_ROSIER_CARROUSEL1.jpg\" alt=\"Appartement Rosier, h\u00e9bergement de luxe en location au Domaine d&#039;\u00c9genia, h\u00e9bergement de luxe en Provence, Luberon\"\/>\n\t\t\t\t\t<\/div><\/div>\n\t\t\t\t\t\t\t\t\t\t\t\t\t\t\t<\/div>\n\t\t\t<\/div>\n\t\t<div class=\"swiper-pagination\"><\/div><\/div>\t\t\t\t<\/div>\n\t\t\t\t<\/div>\n\t\t\t\t<\/div>\n\t\t\t\t<\/div>\n\t\t<div class=\"elementor-element elementor-element-1017ff5 e-con-full e-flex qodef-elementor-content-no e-con e-child\" data-id=\"1017ff5\" data-element_type=\"container\" data-e-type=\"container\" data-settings=\"{&quot;animation&quot;:&quot;none&quot;,&quot;background_background&quot;:&quot;classic&quot;}\">\n\t\t<div class=\"elementor-element elementor-element-4b30399 e-con-full e-flex qodef-elementor-content-no e-con e-child\" data-id=\"4b30399\" data-element_type=\"container\" data-e-type=\"container\" data-settings=\"{&quot;background_background&quot;:&quot;classic&quot;}\">\n\t\t\t\t<div class=\"elementor-element elementor-element-0e284b6 elementor-widget__width-inherit elementor-widget elementor-widget-heading\" data-id=\"0e284b6\" data-element_type=\"widget\" data-e-type=\"widget\" data-widget_type=\"heading.default\">\n\t\t\t\t\t<h2 class=\"elementor-heading-title elementor-size-default\">your stay<\/h2>\t\t\t\t<\/div>\n\t\t\t\t<div class=\"elementor-element elementor-element-1ad65f2 elementor-widget elementor-widget-text-editor\" data-id=\"1ad65f2\" data-element_type=\"widget\" data-e-type=\"widget\" data-widget_type=\"text-editor.default\">\n\t\t\t\t\t\t\t\t\t<div class=\"rich-text subtitle\" data-animate-single-text-clip-path=\"\"><span style=\"color: #000000;\">Our team can help you plan your <\/span><span style=\"color: #000000;\">arrival, organize your transfers or car rental, <\/span><span style=\"color: #000000;\">as well as suggest an engaging program of activities <\/span><span style=\"color: #000000;\">during your stay at Domaine d&#8217;\u00c9genia.<\/span><\/div>\t\t\t\t\t\t\t\t<\/div>\n\t\t\t\t<div class=\"elementor-element elementor-element-9bf5de1 elementor-widget elementor-widget-alloggio_core_button\" data-id=\"9bf5de1\" data-element_type=\"widget\" data-e-type=\"widget\" data-widget_type=\"alloggio_core_button.default\">\n\t\t\t\t<div class=\"elementor-widget-container\">\n\t\t\t\t\t<a class=\"qodef-shortcode qodef-m qodef-button qodef-layout--outlined qodef-html--link\" href=\"https:\/\/booking.smoobu.com\/9A773951\" target=\"_blank\" data-hover-color=\"#000000\" data-hover-background-color=\"#CA958C\" style=\"color: #000000\">\n\t<span class=\"qodef-m-text\">BOOK NOW<\/span>\n\t<span class=\"qodef-m-background-holder\" style=\"background-color: #CA958C\"><\/span>\n<\/a>\t\t\t\t<\/div>\n\t\t\t\t<\/div>\n\t\t\t\t<\/div>\n\t\t\t\t<\/div>\n\t\t\t\t\t<\/div>\n\t\t\t\t<\/div>\n\t\t<div class=\"elementor-element elementor-element-dcbf46e e-con-full e-flex qodef-elementor-content-no e-con e-parent\" data-id=\"dcbf46e\" data-element_type=\"container\" data-e-type=\"container\">\n\t\t\t\t<div class=\"elementor-element elementor-element-2bb587a elementor-widget elementor-widget-spacer\" data-id=\"2bb587a\" data-element_type=\"widget\" data-e-type=\"widget\" data-widget_type=\"spacer.default\">\n\t\t\t\t\t\t\t<div class=\"elementor-spacer\">\n\t\t\t<div class=\"elementor-spacer-inner\"><\/div>\n\t\t<\/div>\n\t\t\t\t\t\t<\/div>\n\t\t\t\t<div class=\"elementor-element elementor-element-6b4b0ce elementor-widget elementor-widget-heading\" data-id=\"6b4b0ce\" data-element_type=\"widget\" data-e-type=\"widget\" data-widget_type=\"heading.default\">\n\t\t\t\t\t<h2 class=\"elementor-heading-title elementor-size-default\">view other accommodations<\/h2>\t\t\t\t<\/div>\n\t\t\t\t<div class=\"elementor-element elementor-element-c757549 elementor-widget elementor-widget-spacer\" data-id=\"c757549\" data-element_type=\"widget\" data-e-type=\"widget\" data-widget_type=\"spacer.default\">\n\t\t\t\t\t\t\t<div class=\"elementor-spacer\">\n\t\t\t<div class=\"elementor-spacer-inner\"><\/div>\n\t\t<\/div>\n\t\t\t\t\t\t<\/div>\n\t\t\t\t<div class=\"elementor-element elementor-element-cbeedb8 elementor-grid-tablet-3 elementor-grid-3 elementor-grid-mobile-1 elementor-widget elementor-widget-portfolio\" data-id=\"cbeedb8\" data-element_type=\"widget\" data-e-type=\"widget\" data-settings=\"{&quot;item_ratio&quot;:{&quot;unit&quot;:&quot;px&quot;,&quot;size&quot;:1.2,&quot;sizes&quot;:[]},&quot;columns_tablet&quot;:&quot;3&quot;,&quot;columns&quot;:&quot;3&quot;,&quot;columns_mobile&quot;:&quot;1&quot;,&quot;item_gap&quot;:{&quot;unit&quot;:&quot;px&quot;,&quot;size&quot;:&quot;&quot;,&quot;sizes&quot;:[]},&quot;row_gap&quot;:{&quot;unit&quot;:&quot;px&quot;,&quot;size&quot;:&quot;&quot;,&quot;sizes&quot;:[]}}\" data-widget_type=\"portfolio.default\">\n\t\t\t\t<div class=\"elementor-widget-container\">\n\t\t\t\t\t\t\t<div class=\"elementor-portfolio elementor-grid elementor-posts-container\" role=\"list\">\n\t\t\t\t<article class=\"elementor-portfolio-item elementor-post  post-6388 page type-page status-publish has-post-thumbnail hentry\" role=\"listitem\">\n\t\t\t<a class=\"elementor-post__thumbnail__link\" href=\"https:\/\/ledomainedegenia.fr\/en\/accommodations\/maison-lavandes\">\n\t\t\t\t<div class=\"elementor-portfolio-item__img elementor-post__thumbnail\">\n\t\t\t<img loading=\"lazy\" decoding=\"async\" width=\"1300\" height=\"650\" src=\"https:\/\/ledomainedegenia.fr\/wp-content\/uploads\/2026\/02\/DOMAINE_EGENIA_HEBERGEMENT-LAVANDES6-1-1300x650.jpg\" class=\"attachment-qi_addons_for_elementor_image_size_landscape size-qi_addons_for_elementor_image_size_landscape wp-image-6396\" alt=\"Les Lavandes private house, luxury accommodation rental at Domaine d&#039;\u00c9genia, luxury accommodation in Provence, Luberon\" \/>\t\t<\/div>\n\t\t\t\t<div class=\"elementor-portfolio-item__overlay\">\n\t\t\t\t<h2 class=\"elementor-portfolio-item__title\">\n\t\tMaison Lavandes\t\t<\/h2>\n\t\t\t\t<\/div>\n\t\t\t\t<\/a>\n\t\t<\/article>\n\t\t\t\t<article class=\"elementor-portfolio-item elementor-post  post-6429 page type-page status-publish has-post-thumbnail hentry\" role=\"listitem\">\n\t\t\t<a class=\"elementor-post__thumbnail__link\" href=\"https:\/\/ledomainedegenia.fr\/en\/accommodations\/murier-apartment\">\n\t\t\t\t<div class=\"elementor-portfolio-item__img elementor-post__thumbnail\">\n\t\t\t<img loading=\"lazy\" decoding=\"async\" width=\"1300\" height=\"650\" src=\"https:\/\/ledomainedegenia.fr\/wp-content\/uploads\/2026\/02\/DOMAINE_EGENIA_HEBERGEMENT-MURIER4-1300x650.jpg\" class=\"attachment-qi_addons_for_elementor_image_size_landscape size-qi_addons_for_elementor_image_size_landscape wp-image-6430\" alt=\"Murier Apartment, luxury accommodation for rent at Domaine d&#039;\u00c9genia, luxury accommodation in Provence, Luberon\" \/>\t\t<\/div>\n\t\t\t\t<div class=\"elementor-portfolio-item__overlay\">\n\t\t\t\t<h2 class=\"elementor-portfolio-item__title\">\n\t\tMurier Apartment\t\t<\/h2>\n\t\t\t\t<\/div>\n\t\t\t\t<\/a>\n\t\t<\/article>\n\t\t\t\t<article class=\"elementor-portfolio-item elementor-post  post-6438 page type-page status-publish has-post-thumbnail hentry\" role=\"listitem\">\n\t\t\t<a class=\"elementor-post__thumbnail__link\" href=\"https:\/\/ledomainedegenia.fr\/en\/accommodations\/cerisier-apartment\">\n\t\t\t\t<div class=\"elementor-portfolio-item__img elementor-post__thumbnail\">\n\t\t\t<img loading=\"lazy\" decoding=\"async\" width=\"1300\" height=\"650\" src=\"https:\/\/ledomainedegenia.fr\/wp-content\/uploads\/2026\/02\/DOMAINE_EGENIA_HEBERGEMENT-CERISIER3-1-1300x650.jpg\" class=\"attachment-qi_addons_for_elementor_image_size_landscape size-qi_addons_for_elementor_image_size_landscape wp-image-6439\" alt=\"Cerisier Apartment, luxury accommodation for rent at Domaine d&#039;\u00c9genia, luxury accommodation in Provence, Luberon\" \/>\t\t<\/div>\n\t\t\t\t<div class=\"elementor-portfolio-item__overlay\">\n\t\t\t\t<h2 class=\"elementor-portfolio-item__title\">\n\t\tCerisier Apartment\t\t<\/h2>\n\t\t\t\t<\/div>\n\t\t\t\t<\/a>\n\t\t<\/article>\n\t\t\t\t<\/div>\n\t\t\t\t\t\t<\/div>\n\t\t\t\t<\/div>\n\t\t\t\t<div class=\"elementor-element elementor-element-5767621 elementor-widget elementor-widget-spacer\" data-id=\"5767621\" data-element_type=\"widget\" data-e-type=\"widget\" data-widget_type=\"spacer.default\">\n\t\t\t\t\t\t\t<div class=\"elementor-spacer\">\n\t\t\t<div class=\"elementor-spacer-inner\"><\/div>\n\t\t<\/div>\n\t\t\t\t\t\t<\/div>\n\t\t<div class=\"elementor-element elementor-element-d633cd6 e-flex e-con-boxed qodef-elementor-content-no e-con e-child\" data-id=\"d633cd6\" data-element_type=\"container\" data-e-type=\"container\">\n\t\t\t\t\t<div class=\"e-con-inner\">\n\t\t\t\t\t<\/div>\n\t\t\t\t<\/div>\n\t\t\t\t<\/div>\n\t\t\t\t<\/div>\n\t\t","protected":false},"excerpt":{"rendered":"<p>1-3 GUESTS \u2022 65 m\u00b2 \u2022 PRIVATE GARDEN Le Rosier The Rosier Apartment spans 65 m\u00b2 over two levels, an ideal retreat for a couple or a small family seeking Proven\u00e7al intimacy. On the ground floor, the living spaces open up naturally: a fully equipped kitchen, dining area, and a light-filled living room. Prepare your [&hellip;]<\/p>\n","protected":false},"author":1,"featured_media":6367,"parent":6418,"menu_order":2,"comment_status":"closed","ping_status":"closed","template":"page-full-width.php","meta":{"footnotes":""},"class_list":["post-6362","page","type-page","status-publish","has-post-thumbnail","hentry"],"_links":{"self":[{"href":"https:\/\/ledomainedegenia.fr\/en\/wp-json\/wp\/v2\/pages\/6362","targetHints":{"allow":["GET"]}}],"collection":[{"href":"https:\/\/ledomainedegenia.fr\/en\/wp-json\/wp\/v2\/pages"}],"about":[{"href":"https:\/\/ledomainedegenia.fr\/en\/wp-json\/wp\/v2\/types\/page"}],"author":[{"embeddable":true,"href":"https:\/\/ledomainedegenia.fr\/en\/wp-json\/wp\/v2\/users\/1"}],"replies":[{"embeddable":true,"href":"https:\/\/ledomainedegenia.fr\/en\/wp-json\/wp\/v2\/comments?post=6362"}],"version-history":[{"count":1,"href":"https:\/\/ledomainedegenia.fr\/en\/wp-json\/wp\/v2\/pages\/6362\/revisions"}],"predecessor-version":[{"id":6368,"href":"https:\/\/ledomainedegenia.fr\/en\/wp-json\/wp\/v2\/pages\/6362\/revisions\/6368"}],"up":[{"embeddable":true,"href":"https:\/\/ledomainedegenia.fr\/en\/wp-json\/wp\/v2\/pages\/6418"}],"wp:featuredmedia":[{"embeddable":true,"href":"https:\/\/ledomainedegenia.fr\/en\/wp-json\/wp\/v2\/media\/6367"}],"wp:attachment":[{"href":"https:\/\/ledomainedegenia.fr\/en\/wp-json\/wp\/v2\/media?parent=6362"}],"curies":[{"name":"wp","href":"https:\/\/api.w.org\/{rel}","templated":true}]}}